{"id":1568,"date":"2021-02-16T16:07:50","date_gmt":"2021-02-16T15:07:50","guid":{"rendered":"https:\/?page_id=1568"},"modified":"2021-02-17T09:28:13","modified_gmt":"2021-02-17T08:28:13","slug":"condiciones-de-venta","status":"publish","type":"page","link":"https:\/\/avellanera.marketingpastor.es\/es\/condiciones-de-venta\/","title":{"rendered":"Condiciones de venta"},"content":{"rendered":"[et_pb_section fb_built=\u00bb1&#8243; _builder_version=\u00bb3.22&#8243;][et_pb_row _builder_version=\u00bb3.25&#8243; background_size=\u00bbinitial\u00bb background_position=\u00bbtop_left\u00bb background_repeat=\u00bbrepeat\u00bb][et_pb_column type=\u00bb4_4&#8243; _builder_version=\u00bb3.25&#8243; custom_padding=\u00bb|||\u00bb custom_padding__hover=\u00bb|||\u00bb][et_pb_text _builder_version=\u00bb4.8.2&#8243; background_size=\u00bbinitial\u00bb background_position=\u00bbtop_left\u00bb background_repeat=\u00bbrepeat\u00bb hover_enabled=\u00bb0&#8243; sticky_enabled=\u00bb0&#8243;]<p><\/p>\n<h1 class=\"wp-block-heading\">CONDICIONES GENERALES DE CONTRATACI\u00d3N<\/h1>\n<p>&nbsp;<\/p>\n<p>Las presentes Condiciones Generales de Contrataci\u00f3n, en adelante C.G.C., se establecen para regular la relaci\u00f3n comercial entre L\u2019AVELLANERA I SECCI\u00d3 DE CREDIT, S.C.C.L. ( de aqu\u00ed en adelante L\u2019AVELLANERA) y el Usuario o cliente por la contrataci\u00f3n realizada a trav\u00e9s del formulario que L\u2019AVELLANERA pone a su disposici\u00f3n en su web <a href=\"https:\">avellanera.marketingpastor.es<\/a><\/p>\n<p>La contrataci\u00f3n a trav\u00e9s del sitio web supondr\u00e1 la aceptaci\u00f3n expresa de estas condiciones, como tambi\u00e9n de las condiciones establecidas en el Aviso Legal y Pol\u00edtica de Privacidad. Estas condiciones ser\u00e1n aplicadas sin perjuicio de las normas legales sobre la materia que se apliquen en cada caso.<\/p>\n<p>Las presentes C.G.C., est\u00e1n sujetas a lo dispuesto en la Ley 7\/1998, de 13 de abril, sobre Condiciones Generales de Contrataci\u00f3n, a la Ley 26\/1984, de 19 de Julio. Ley General para la Defensa de consumidores y Usuarios, al Real Decreto 1906\/1999, de 17 de Diciembre de 1999, por la que se regula la Contrataci\u00f3n Telef\u00f3nica o Electr\u00f3nica,3\/2014 Ley de modificaci\u00f3n del Texto Refundido de la Ley General para la Defensa de los Consumidores y Usuarios y otras Leyes Complementarias,\u00a0 el Reglamento General de Protecci\u00f3n de Datos RGPD 679\/2016 de la Uni\u00f3n Europea, la Ley Org\u00e1nica de Protecci\u00f3n de Datos 3\/2018, la ley 7\/1996, de 15 de Enero de Ordenaci\u00f3n del comercio Minorista, y a la Ley 34\/2002 de 11 de Julio de Servicios de la Sociedad de la Informaci\u00f3n y de Comercio Electr\u00f3nico y L\u2019AVELLANERA\u00a0 se reserva el derecho a realizar las modificaciones que considere oportunas, sin aviso previo, en las Condiciones. Dichas modificaciones podr\u00e1n realizarse, a trav\u00e9s de su website, por cualquier forma admisible en derecho y ser\u00e1n de obligado cumplimiento durante el tiempo en que se encuentren publicadas en la web y hasta que no sean modificadas v\u00e1lidamente por otras posteriores. No obstante, L\u2019AVELLANERA se reserva de aplicar, en determinados casos, unas Condiciones Particulares de contrataci\u00f3n, que regir\u00e1n con preferencia a las C.G.C.<\/p>\n<p>El usuario podr\u00e1 realizar el pedido una vez registrado como tal en la p\u00e1gina web. El usuario registrado, dispone de un \u00e1rea personal en el apartado \u201ciniciar sesi\u00f3n\u201d, en la misma, puede acceder al link \u201cver o modificar sus datos\u201d y de este modo, identificar y rectificar posibles errores cometidos en la introducci\u00f3n de datos.<\/p>\n<p>Toda la documentaci\u00f3n enviada al cliente estar\u00e1 formalizada en los idiomas Catal\u00e1n y\/o Castellano.<\/p>\n<h2><\/h2>\n<h2><\/h2>\n<h2>INFORMACI\u00d3N PREVIA A LA CONTRATACI\u00d3N<\/h2>\n<p>L\u2019AVELLANERA informa que el procedimiento de reserva y compra a trav\u00e9s de sus p\u00e1ginas web viene detallado en el apartado CONDICIONES DE COMPRA.<\/p>\n<p>Por la contrataci\u00f3n con L\u2019AVELLANERA a trav\u00e9s de su website el usuario o cliente declara expresamente conocer, entender y aceptar las condiciones expresadas en el Aviso Legal, Pol\u00edtica de Privacidad, Pol\u00edtica de Cookies, as\u00ed como las presente Condiciones Generales de Contrataci\u00f3n.Del mismo modo el usuario declara ser mayor de edad y tener la capacidad jur\u00eddica de obrar necesaria para el acceso a la web como para realizar compras por medio de la misma. En caso de ser menor la responsabilidad recaer\u00e1 en manos de sus progenitores o tutores legales.<\/p>\n<p>L\u2019AVELLANERA rechaza expl\u00edcitamente someterse a otras condiciones concernientes a las compras de los clientes y usuarios que no se ajusten a lo descrito en el presente documento.<\/p>\n<h2><\/h2>\n<h2>REGISTRO EN LA WEB<\/h2>\n<p>Si el cliente accede por primera vez a la web y quiere realizar una compra puede registrarse en el apartado correspondiente. La ventaja de estar registrado supone ser reconocido como cliente por nuestra tienda, que tenga guardado un hist\u00f3rico de compra y de facturas. En ning\u00fan caso se almacenar\u00e1n los datos de tarjeta, que deber\u00e1n ser introducidos en cada proceso de compra por el usuario.\u00a0 Los c\u00f3digos de acceso tienen car\u00e1cter personal y es obligaci\u00f3n del cliente guardar la debida confidencialidad sobre los mismos. El cliente es el \u00fanico responsable de la perdida, sustracci\u00f3n o utilizaci\u00f3n no autorizada de su contrase\u00f1a y de las consecuencias que ello pueda ocasionar.<\/p>\n<p>Si el usuario no desea registrarse puede realizar compras \u00fanicas sin registro.<\/p>\n<p>El presente sitio Web est\u00e1 dedicado de forma exclusiva a personas mayores de edad, si el usuario es menor de edad, no debe acceder a este sitio Web. No est\u00e1 permitido, el acceso, registro, navegaci\u00f3n, utilizaci\u00f3n, alojamiento, descarga de materiales y en general el uso de los servicios del sitio Web por parte de menores de edad. El usuario, mediante el registro de su edad, manifiesta responsablemente y garantiza que tiene al menos 18 a\u00f1os.<\/p>\n<h2><\/h2>\n<h2><\/h2>\n<h2>CONDICIONES DE COMPRA<\/h2>\n<h3><\/h3>\n<h3>1.- Oferta de productos y referencia de precios.<\/h3>\n<p>En cumplimiento de la normativa vigente y, en especial de la Ley 34\/2002 de Servicios de la Sociedad de la Informaci\u00f3n y del Comercio Electr\u00f3nico L\u2019AVELLANERA\u00a0 ofrece en su p\u00e1gina web, informaci\u00f3n sobre todos los productos en venta, sus caracter\u00edsticas y precios. Pueden existir ligeras variaciones en el aspecto final de alg\u00fan producto respecto de las fotograf\u00edas mostradas por tratarse de productos de alimentaci\u00f3n.<\/p>\n<p>As\u00ed mismo, se reserva el derecho a retirar, reponer o cambiar los productos que se ofrecen a sus clientes a trav\u00e9s de su p\u00e1gina web, mediante el simple cambio en el contenido de estas. De esta forma, los productos ofrecidos en cada momento por el website, se regir\u00e1n por las Condiciones Generales o Particulares vigentes en cada caso. Adem\u00e1s, tiene la facultad de dejar de ofrecer, sin previo aviso y en cualquier momento, el acceso a los productos referidos.<\/p>\n<h3><\/h3>\n<h3>2.- Pol\u00edtica de precios.<\/h3>\n<p>Todos los precios que se indican a trav\u00e9s de la p\u00e1gina web incluyen el IVA y los dem\u00e1s impuestos que le pudieran corresponder y est\u00e1n expresados en Euros. No obstante, estos precios, no incluyen los gastos correspondientes al env\u00edo de los productos, que se detallan aparte y deben ser aceptados por el cliente o usuario, y pueden variar en funci\u00f3n de los productos adquiridos, de las cantidades, as\u00ed como del destino.<\/p>\n<h3><\/h3>\n<h3>3.- Gastos de env\u00edo.<\/h3>\n<p>Para el servicio de transporte se ha establecido el env\u00edo mediante empresa de paqueter\u00eda E-NACEX.<\/p>\n<p>En el proceso de compra se indica los gastos de env\u00edo para el servicio de entrega a domicilio.\u00a0\u00a0Tambi\u00e9n existe la posibilidad que se puede recoger de forma presencial en los puntos de recogida y en los horarios que se le indicar\u00e1n al usuario en su caso, y en nuestro almac\u00e9n sito junto a nuestro establecimiento en horario de 8 a 17 horas de lunes a viernes.<\/p>\n<p>El \u00e1mbito territorial de actividad comprende toda la pen\u00ednsula, excluyendo expresamente Islas y Plaza de Soberan\u00eda.<\/p>\n<p>En todos los casos, el precio de transporte se indica aparte, y es calculado seg\u00fan los baremos antes indicados.<\/p>\n<h3><\/h3>\n<h3>4.- Disponibilidad.<\/h3>\n<p>La disponibilidad de los productos ofrecidos por esta p\u00e1gina web puede variar en funci\u00f3n de la demanda de los clientes o usuarios, as\u00ed como de la temporada. Dado que se trata de productos perecederos, el stock se renueva constantemente.<\/p>\n<p><span><\/span><\/p>\n<p><span>5.- Entrega del pedido.\u00a0<\/span><\/p>\n<p>Los pedidos se entregar\u00e1n en el plazo de 24 &#8211; 48 horas laborables.<\/p>\n<p>En todos los casos las entregas ser\u00e1n realizadas en d\u00edas h\u00e1biles, a la direcci\u00f3n de entrega que el cliente indique. Ser\u00e1 el cliente el que se encargue de que no existan impedimentos de cualquier tipo para la misma y deber\u00e1 firmar el albar\u00e1n de entrega.<\/p>\n<p>Si por alg\u00fan motivo, que le fuera imputable a L\u2019AVELLANERA, no pudiera cumplir con la fecha de entrega, contactar\u00e1 al Usuario para informarle de esta circunstancia y, \u00e9ste podr\u00e1 elegir seguir adelante con la compra estableciendo una nueva fecha de entrega o bien anular el pedido con el reembolso total del precio pagado.<\/p>\n<p>&nbsp;<\/p>\n<h3>6.- Forma de Pago.<\/h3>\n<p>La p\u00e1gina resumen antes de ir a caja ofrece la informaci\u00f3n de los productos, el precio, impuestos aplicables, gastos de env\u00edo, y la cantidad total.<\/p>\n<p>El pago en l\u00ednea se realiza mediante pasarela de pago con una conexi\u00f3n segura, mediante TPV virtual de CaixaBank.\u00a0 La pasarela de pago establece los est\u00e1ndares de seguridad, en el caso de tarjetas Visa, MasterCard y Maestro, dadas de alta en el sistema de pago seguro Verified by Visa.\u00a0 que establece el uso de contrase\u00f1as exclusivas que garanticen la seguridad del uso de su tarjeta de cr\u00e9dito ya que son codificados cuando se transmiten por internet.<\/p>\n<p><strong>Importante: Su pedido ser\u00e1 tramitado en el momento en que el pago haya sido autorizado por su banco o caja, si el pago no se confirma en un plazo de 72 horas el pedido quedar\u00e1 autom\u00e1ticamente anulado.\u00a0<\/strong><\/p>\n<p>&nbsp;<\/p>\n<h3>7.- Seguridad.<\/h3>\n<p>avellanera.marketingpastor.es, garantiza que todas las transacciones que gestiona son 100% seguras y que nunca se cargar\u00e1n extras en su tarjeta.<\/p>\n<p>Nuestro Software de compra online es totalmente seguro.<\/p>\n<p>Toda la informaci\u00f3n que nos proporcione en el desarrollo del proceso de compra es informatizada y se encuentra regida por la legislaci\u00f3n vigente en la materia.<\/p>\n<p>La trasmisi\u00f3n de todos los datos personales se desarrolla a trav\u00e9s de un entorno seguro, con un servidor de l\u00ednea segura en el cual la informaci\u00f3n es encriptada, impidiendo as\u00ed cualquier acceso no autorizado a la misma.<\/p>\n<p>L\u2019AVELLANERA no guarda datos confidenciales relativos a los medios de pago utilizados por el cliente una vez est\u00e1 confirmada y finalizada la compra. La pasarela segura de pago on-line, es la \u00fanica que tienen acceso a estos datos para gestionar los pagos y cobros. El usuario registrado es dirigido hacia la interfaz segura de la entidad bancaria, donde se introducen los datos de su tarjeta y validan la operaci\u00f3n de forma inaccesible para terceros.<\/p>\n<p>&nbsp;<\/p>\n<h3>8.-Garant\u00eda.<\/h3>\n<p>El Usuario, en tanto que consumidor y usuario, goza de garant\u00edas sobre los productos que pueda adquirir a trav\u00e9s de este Sitio Web, en los t\u00e9rminos legalmente establecidos para cada tipo de producto.<\/p>\n<p>En este sentido, se entiende que los productos son conformes siempre que se ajusten a la descripci\u00f3n realizada por L\u2019AVELLANERA, accesibles mediante el buscador que mostrar\u00e1 pulsando sobre el nombre o su imagen la ficha del producto con las caracter\u00edsticas detalladas de los mismos.<\/p>\n<p>Cuando el o los productos adquiridos presenten una falta de conformidad por no corresponderse con las caracter\u00edsticas ofrecidas, el cliente tendr\u00e1 derecho al saneamiento.<\/p>\n<h3><\/h3>\n<h3><\/h3>\n<h3>9.- Pol\u00edtica de devoluciones y Derecho de Desistimiento.<\/h3>\n<p>Dado el car\u00e1cter considerado como perecedero de los productos y mercanc\u00edas puestos a la venta, el Usuario, en tanto que consumidor y usuario, solo podr\u00e1 ejercer el derecho de desistimiento previsto en la antes citada Ley 3\/2014 durante los 15 d\u00edas siguientes a la recepci\u00f3n del pedido.<\/p>\n<p><span>Devoluci\u00f3n de productos defectuosos o error en el env\u00edo<\/span><\/p>\n<p>Se trata de todos aquellos casos en los que el Usuario considera que, en el momento de la entrega, el producto no se ajusta al pedido de compra, y que, por tanto, deber\u00e1 ponerse en contacto con L\u2019AVELLANERA inmediatamente y hacerle saber la disconformidad existente (defecto\/error) por los mismos medios o utilizando los datos de contacto que se facilitan en el Aviso Legal.<\/p>\n<p>El Usuario ser\u00e1 entonces informado sobre c\u00f3mo proceder a la devoluci\u00f3n de los productos, y estos, una vez devueltos, ser\u00e1n examinados y se informar\u00e1 al Usuario, dentro de un plazo razonable, si procede el reembolso o, en su caso, la sustituci\u00f3n del mismo.<\/p>\n<p>El reembolso o la sustituci\u00f3n del producto se efectuar\u00e1 lo antes posible y, en cualquier caso, dentro de los 14 d\u00edas siguientes a la fecha en la que le enviemos un correo electr\u00f3nico confirmando que procede el reembolso o la sustituci\u00f3n del art\u00edculo no conforme.<\/p>\n<p>El importe abonado por aquellos productos que sean devueltos a causa de alg\u00fan defecto, cuando realmente exista, ser\u00e1 reembolsado \u00edntegramente, incluidos los gastos de entrega y los costes en que hubiera podido incurrir el Usuario para realizar la devoluci\u00f3n. El reembolso se efectuar\u00e1 por el mismo medio de pago que el Usuario utiliz\u00f3 para pagar la compra.<\/p>\n<p>En todo caso, se estar\u00e1 siempre a los derechos reconocidos en la legislaci\u00f3n vigente en cada momento para el Usuario, en tanto que consumidor y usuario.<\/p>\n<p>&nbsp;<\/p>\n<h3>10.- Jurisdicci\u00f3n y ley aplicable.<\/h3>\n<p>La prestaci\u00f3n de los servicios de L\u2019AVELLANERA se rige por lo acordado entre las partes y por lo establecido en estas condiciones generales, a las normas auton\u00f3micas vigentes, en el lugar de celebraci\u00f3n del contrato y, en defecto de estas, por lo dispuesto en la Ley de modificaci\u00f3n del Texto Refundido de la Ley General para la Defensa de los Consumidores y Usuarios y Leyes Complementarias.Si alguna de las presentes Condiciones fuera declaradas nulas y sin efecto por resoluci\u00f3n firme dictada por autoridad competente, el resto de las cl\u00e1usulas permanecer\u00e1n en vigor, sin que queden afectadas por dicha declaraci\u00f3n de nulidad.Cualquier controversia se someter\u00e1 a los Juzgados y Tribunales del partido judicial competente.<\/p>\n<p><\/p>[\/et_pb_text][\/et_pb_column][\/et_pb_row][\/et_pb_section]","protected":false},"excerpt":{"rendered":"<p>CONDICIONES GENERALES DE CONTRATACI\u00d3N &nbsp; Las presentes Condiciones Generales de Contrataci\u00f3n, en adelante C.G.C., se establecen para regular la relaci\u00f3n comercial entre L\u2019AVELLANERA I SECCI\u00d3 DE CREDIT, S.C.C.L. ( de aqu\u00ed en adelante L\u2019AVELLANERA) y el Usuario o cliente por la contrataci\u00f3n realizada a trav\u00e9s del formulario que L\u2019AVELLANERA pone a su disposici\u00f3n en su [&hellip;]<\/p>\n","protected":false},"author":1,"featured_media":0,"parent":0,"menu_order":71,"comment_status":"closed","ping_status":"closed","template":"","meta":{"_acf_changed":false,"_et_pb_use_builder":"on","_et_pb_old_content":"","_et_gb_content_width":"","footnotes":""},"class_list":["post-1568","page","type-page","status-publish","hentry"],"acf":[],"yoast_head":"<!-- This site is optimized with the Yoast SEO plugin v25.3 - https:\/\/yoast.com\/wordpress\/plugins\/seo\/ -->\n<title>Condiciones de venta - Avellanera<\/title>\n<meta name=\"robots\" content=\"index, follow, max-snippet:-1, max-image-preview:large, max-video-preview:-1\" \/>\n<link rel=\"canonical\" href=\"https:\/\/avellanera.marketingpastor.es\/es\/condiciones-de-venta\/\" \/>\n<meta property=\"og:locale\" content=\"es_ES\" \/>\n<meta property=\"og:type\" content=\"article\" \/>\n<meta property=\"og:title\" content=\"Condiciones de venta - Avellanera\" \/>\n<meta property=\"og:description\" content=\"CONDICIONES GENERALES DE CONTRATACI\u00d3N &nbsp; Las presentes Condiciones Generales de Contrataci\u00f3n, en adelante C.G.C., se establecen para regular la relaci\u00f3n comercial entre L\u2019AVELLANERA I SECCI\u00d3 DE CREDIT, S.C.C.L. ( de aqu\u00ed en adelante L\u2019AVELLANERA) y el Usuario o cliente por la contrataci\u00f3n realizada a trav\u00e9s del formulario que L\u2019AVELLANERA pone a su disposici\u00f3n en su [&hellip;]\" \/>\n<meta property=\"og:url\" content=\"https:\/\/avellanera.marketingpastor.es\/es\/condiciones-de-venta\/\" \/>\n<meta property=\"og:site_name\" content=\"Avellanera\" \/>\n<meta property=\"article:modified_time\" content=\"2021-02-17T08:28:13+00:00\" \/>\n<meta name=\"twitter:card\" content=\"summary_large_image\" \/>\n<meta name=\"twitter:label1\" content=\"Tiempo de lectura\" \/>\n\t<meta name=\"twitter:data1\" content=\"11 minutos\" \/>\n<script type=\"application\/ld+json\" class=\"yoast-schema-graph\">{\"@context\":\"https:\/\/schema.org\",\"@graph\":[{\"@type\":\"WebPage\",\"@id\":\"https:\/\/avellanera.marketingpastor.es\/es\/condiciones-de-venta\/\",\"url\":\"https:\/\/avellanera.marketingpastor.es\/es\/condiciones-de-venta\/\",\"name\":\"Condiciones de venta - Avellanera\",\"isPartOf\":{\"@id\":\"https:\/\/avellanera.marketingpastor.es\/es\/#website\"},\"datePublished\":\"2021-02-16T15:07:50+00:00\",\"dateModified\":\"2021-02-17T08:28:13+00:00\",\"breadcrumb\":{\"@id\":\"https:\/\/avellanera.marketingpastor.es\/es\/condiciones-de-venta\/#breadcrumb\"},\"inLanguage\":\"es\",\"potentialAction\":[{\"@type\":\"ReadAction\",\"target\":[\"https:\/\/avellanera.marketingpastor.es\/es\/condiciones-de-venta\/\"]}]},{\"@type\":\"BreadcrumbList\",\"@id\":\"https:\/\/avellanera.marketingpastor.es\/es\/condiciones-de-venta\/#breadcrumb\",\"itemListElement\":[{\"@type\":\"ListItem\",\"position\":1,\"name\":\"Portada\",\"item\":\"https:\/\/avellanera.marketingpastor.es\/es\/\"},{\"@type\":\"ListItem\",\"position\":2,\"name\":\"Condiciones de venta\"}]},{\"@type\":\"WebSite\",\"@id\":\"https:\/\/avellanera.marketingpastor.es\/es\/#website\",\"url\":\"https:\/\/avellanera.marketingpastor.es\/es\/\",\"name\":\"Avellanera\",\"description\":\"\",\"potentialAction\":[{\"@type\":\"SearchAction\",\"target\":{\"@type\":\"EntryPoint\",\"urlTemplate\":\"https:\/\/avellanera.marketingpastor.es\/es\/?s={search_term_string}\"},\"query-input\":{\"@type\":\"PropertyValueSpecification\",\"valueRequired\":true,\"valueName\":\"search_term_string\"}}],\"inLanguage\":\"es\"}]}<\/script>\n<!-- \/ Yoast SEO plugin. -->","yoast_head_json":{"title":"Condiciones de venta - Avellanera","robots":{"index":"index","follow":"follow","max-snippet":"max-snippet:-1","max-image-preview":"max-image-preview:large","max-video-preview":"max-video-preview:-1"},"canonical":"https:\/\/avellanera.marketingpastor.es\/es\/condiciones-de-venta\/","og_locale":"es_ES","og_type":"article","og_title":"Condiciones de venta - Avellanera","og_description":"CONDICIONES GENERALES DE CONTRATACI\u00d3N &nbsp; Las presentes Condiciones Generales de Contrataci\u00f3n, en adelante C.G.C., se establecen para regular la relaci\u00f3n comercial entre L\u2019AVELLANERA I SECCI\u00d3 DE CREDIT, S.C.C.L. ( de aqu\u00ed en adelante L\u2019AVELLANERA) y el Usuario o cliente por la contrataci\u00f3n realizada a trav\u00e9s del formulario que L\u2019AVELLANERA pone a su disposici\u00f3n en su [&hellip;]","og_url":"https:\/\/avellanera.marketingpastor.es\/es\/condiciones-de-venta\/","og_site_name":"Avellanera","article_modified_time":"2021-02-17T08:28:13+00:00","twitter_card":"summary_large_image","twitter_misc":{"Tiempo de lectura":"11 minutos"},"schema":{"@context":"https:\/\/schema.org","@graph":[{"@type":"WebPage","@id":"https:\/\/avellanera.marketingpastor.es\/es\/condiciones-de-venta\/","url":"https:\/\/avellanera.marketingpastor.es\/es\/condiciones-de-venta\/","name":"Condiciones de venta - Avellanera","isPartOf":{"@id":"https:\/\/avellanera.marketingpastor.es\/es\/#website"},"datePublished":"2021-02-16T15:07:50+00:00","dateModified":"2021-02-17T08:28:13+00:00","breadcrumb":{"@id":"https:\/\/avellanera.marketingpastor.es\/es\/condiciones-de-venta\/#breadcrumb"},"inLanguage":"es","potentialAction":[{"@type":"ReadAction","target":["https:\/\/avellanera.marketingpastor.es\/es\/condiciones-de-venta\/"]}]},{"@type":"BreadcrumbList","@id":"https:\/\/avellanera.marketingpastor.es\/es\/condiciones-de-venta\/#breadcrumb","itemListElement":[{"@type":"ListItem","position":1,"name":"Portada","item":"https:\/\/avellanera.marketingpastor.es\/es\/"},{"@type":"ListItem","position":2,"name":"Condiciones de venta"}]},{"@type":"WebSite","@id":"https:\/\/avellanera.marketingpastor.es\/es\/#website","url":"https:\/\/avellanera.marketingpastor.es\/es\/","name":"Avellanera","description":"","potentialAction":[{"@type":"SearchAction","target":{"@type":"EntryPoint","urlTemplate":"https:\/\/avellanera.marketingpastor.es\/es\/?s={search_term_string}"},"query-input":{"@type":"PropertyValueSpecification","valueRequired":true,"valueName":"search_term_string"}}],"inLanguage":"es"}]}},"_links":{"self":[{"href":"https:\/\/avellanera.marketingpastor.es\/es\/wp-json\/wp\/v2\/pages\/1568","targetHints":{"allow":["GET"]}}],"collection":[{"href":"https:\/\/avellanera.marketingpastor.es\/es\/wp-json\/wp\/v2\/pages"}],"about":[{"href":"https:\/\/avellanera.marketingpastor.es\/es\/wp-json\/wp\/v2\/types\/page"}],"author":[{"embeddable":true,"href":"https:\/\/avellanera.marketingpastor.es\/es\/wp-json\/wp\/v2\/users\/1"}],"replies":[{"embeddable":true,"href":"https:\/\/avellanera.marketingpastor.es\/es\/wp-json\/wp\/v2\/comments?post=1568"}],"version-history":[{"count":4,"href":"https:\/\/avellanera.marketingpastor.es\/es\/wp-json\/wp\/v2\/pages\/1568\/revisions"}],"predecessor-version":[{"id":1591,"href":"https:\/\/avellanera.marketingpastor.es\/es\/wp-json\/wp\/v2\/pages\/1568\/revisions\/1591"}],"wp:attachment":[{"href":"https:\/\/avellanera.marketingpastor.es\/es\/wp-json\/wp\/v2\/media?parent=1568"}],"curies":[{"name":"wp","href":"https:\/\/api.w.org\/{rel}","templated":true}]}}